{"id":22991763,"date":"2026-02-27T15:46:44","date_gmt":"2026-02-27T14:46:44","guid":{"rendered":"https:\/\/bildungsexzellenz.ch\/?page_id=22991763"},"modified":"2026-02-27T15:47:35","modified_gmt":"2026-02-27T14:47:35","slug":"adaptive-learning","status":"publish","type":"page","link":"https:\/\/bildungsexzellenz.ch\/en\/loesungen\/ki-gestuetztes-lernen\/adaptives-lernen\/","title":{"rendered":"Adaptive learning"},"content":{"rendered":"<div class=\"et_pb_section_0 et_pb_section et_section_regular et_block_section\">\n<div class=\"et_pb_row_0 et_pb_row et_flex_row preset--module--divi-row--5138c454-be54-4233-bd3b-f8e6a8747976\">\n<div class=\"et_pb_column_0 et_pb_column et_flex_column et_pb_css_mix_blend_mode_passthrough et_flex_column_3_5 et_flex_column_3_5_tablet et_flex_column_24_24_phone preset--module--divi-column--73121f80-a3ef-4484-8763-c3f18e3c56d2\">\n<div class=\"et_pb_heading_0 et_pb_heading et_pb_module et_block_module preset--module--divi-heading--f0c675ea-2574-4d0e-b725-30f8550a8550\"><div class=\"et_pb_heading_container\"><h4 class=\"et_pb_module_header\">Adaptives Lernen<\/h4><\/div><\/div>\n\n<div class=\"et_pb_text_0 et_pb_text et_pb_bg_layout_dark et_pb_module et_flex_module preset--group--divi-text--divi-font-header--default preset--module--divi-text--default\"><div class=\"et_pb_text_inner\"><h1>Transformieren Sie Ihre Aus- und Weiterbildung mit adaptivem Lernen<\/h1>\n<\/div><\/div>\n\n<div class=\"et_pb_text_1 et_pb_text et_pb_bg_layout_light et_pb_module et_block_module preset--group--divi-text--divi-font-header--default preset--module--divi-text--2c55a9c4-feed-423b-9edb-ae0b5b365cac\"><div class=\"et_pb_text_inner\"><p><span>Entdecken Sie, wie adaptives Lernen Ihr Corporate Training auf ein neues Niveau hebt und gleichzeitig die Kosten f\u00fcr Ihr Unternehmen senkt.<\/span><\/p>\n<\/div><\/div>\n<\/div>\n\n<div class=\"et_pb_column_1 et_pb_column et-last-child et_flex_column et_pb_column_empty et_pb_css_mix_blend_mode_passthrough et_flex_column_2_5 et_flex_column_2_5_tablet et_flex_column_24_24_phone preset--module--divi-column--73121f80-a3ef-4484-8763-c3f18e3c56d2\"><\/div>\n<\/div>\n\n<div class=\"et_pb_row_1 et_pb_row et_flex_row\">\n<div class=\"et_pb_column_2 et_pb_column et_flex_column et_pb_css_mix_blend_mode_passthrough et_flex_column_24_24 et_flex_column_24_24_tablet et_flex_column_24_24_phone\">\n<div class=\"et_pb_module et_pb_button_module_wrapper et_pb_button_0_wrapper preset--group--divi-button--divi-button--default_wrapper preset--module--divi-button--1bffc0fc-42a0-49d1-bd9a-ae3ade2d7206_wrapper\"><a class=\"et_pb_button_0 et_pb_button et_pb_bg_layout_light et_pb_module et_block_module preset--group--divi-button--divi-button--default preset--module--divi-button--1bffc0fc-42a0-49d1-bd9a-ae3ade2d7206\" href=\"#ebenen\">L\u00f6sungen f\u00fcr KMU und Grossunternehmen<\/a><\/div>\n<\/div>\n\n<div class=\"et_pb_column_3 et_pb_column et-last-child et_flex_column et_pb_column_empty et_pb_css_mix_blend_mode_passthrough et_flex_column_24_24 et_flex_column_24_24_tablet et_flex_column_24_24_phone\"><\/div>\n<\/div>\n\n<div class=\"et_pb_row_2 et_pb_row et_flex_row\">\n<div class=\"et_pb_column_4 et_pb_column et_flex_column et_pb_css_mix_blend_mode_passthrough et_flex_column_24_24 et_flex_column_24_24_tablet et_flex_column_24_24_phone\">\n<div class=\"et_pb_module et_pb_button_module_wrapper et_pb_button_1_wrapper preset--group--divi-button--divi-button--default_wrapper preset--module--divi-button--1bffc0fc-42a0-49d1-bd9a-ae3ade2d7206_wrapper\"><a class=\"et_pb_button_1 et_pb_button et_pb_bg_layout_light et_pb_module et_block_module preset--group--divi-button--divi-button--default preset--module--divi-button--1bffc0fc-42a0-49d1-bd9a-ae3ade2d7206\" href=\"\/kontakt\/\">Gespr\u00e4ch vereinbaren<\/a><\/div>\n<\/div>\n\n<div class=\"et_pb_column_5 et_pb_column et-last-child et_flex_column et_pb_column_empty et_pb_css_mix_blend_mode_passthrough et_flex_column_24_24 et_flex_column_24_24_tablet et_flex_column_24_24_phone\"><\/div>\n<\/div>\n<\/div>\n\n<div class=\"et_pb_section_1 et_pb_section et_section_regular et_block_section\">\n<div class=\"et_pb_row_3 et_pb_row et_flex_row\">\n<div class=\"et_pb_column_6 et_pb_column et-last-child et_flex_column et_pb_css_mix_blend_mode_passthrough et_flex_column_24_24\">\n<div class=\"et_pb_text_2 et_pb_text et_pb_bg_layout_light et_pb_module et_flex_module preset--group--divi-text--divi-font-header--default preset--module--divi-text--default\"><div class=\"et_pb_text_inner\"><h2>Was ist adaptives Lernen?<\/h2>\n<p>Mit Unterst\u00fctzung von K\u00fcnstlicher Intelligenz (KI) wird jeder Lernpfad individuell angepasst.<\/p>\n<\/div><\/div>\n<\/div>\n<\/div>\n\n<div class=\"et_pb_row_4 et_pb_row et_flex_row preset--module--divi-row--048d8e79-b07f-439b-bd57-f41c14f0a56b\">\n<div class=\"et_pb_column_7 et_pb_column et_flex_column et_pb_css_mix_blend_mode_passthrough et_flex_column_18_24 et_flex_column_18_24_tablet et_flex_column_24_24_phone\">\n<div class=\"et_pb_text_3 et_pb_text et_pb_bg_layout_dark et_pb_module et_flex_module preset--group--divi-text--divi-font-header--default preset--module--divi-text--default\"><div class=\"et_pb_text_inner\"><p>Adaptives Lernen ist ein innovativer Ansatz, der personalisierte Bildungswege bietet, indem er sich an die individuellen Bed\u00fcrfnisse und das Lerntempo der Teilnehmenden anpasst. In unserem Angebot nutzen wir modernste Technologie, um massgeschneiderte Lerninhalte zu erstellen, die auf die spezifischen Anforderungen von Fachpersonen zugeschnitten sind. Unser Ziel ist es, die Effizienz und Effektivit\u00e4t des Lernprozesses zu maximieren und gleichzeitig die Kosten zu minimieren.<\/p>\n<\/div><\/div>\n<\/div>\n\n<div class=\"et_pb_column_8 et_pb_column et-last-child et_flex_column et_pb_css_mix_blend_mode_passthrough et_flex_column_6_24 et_flex_column_6_24_tablet et_flex_column_24_24_phone\">\n<div class=\"et_pb_image_0 et_pb_image et_pb_module et_flex_module\"><span class=\"et_pb_image_wrap\"><img loading=\"lazy\" decoding=\"async\" src=\"https:\/\/bildungsexzellenz.ch\/wp-content\/uploads\/adaptive-learning.webp\" width=\"1024\" height=\"1024\" srcset=\"https:\/\/bildungsexzellenz.ch\/wp-content\/uploads\/adaptive-learning.webp 1024w, https:\/\/bildungsexzellenz.ch\/wp-content\/uploads\/adaptive-learning-980x980.webp 980w, https:\/\/bildungsexzellenz.ch\/wp-content\/uploads\/adaptive-learning-480x480.webp 480w\" sizes=\"(min-width: 0px) and (max-width: 480px) 480px, (min-width: 481px) and (max-width: 980px) 980px, (min-width: 981px) 1024px, 100vw\" class=\"wp-image-22991766\" title=\"adaptive learning\" \/><\/span><\/div>\n<\/div>\n<\/div>\n<\/div>\n\n<div class=\"et_pb_section_2 et_pb_section et_section_regular et_block_section\" id=\"ebenen\">\n<div class=\"et_pb_row_5 et_pb_row et_flex_row\">\n<div class=\"et_pb_column_9 et_pb_column et-last-child et_flex_column et_pb_css_mix_blend_mode_passthrough et_flex_column_24_24\">\n<div class=\"et_pb_text_4 et_pb_text et_pb_bg_layout_dark et_pb_module et_flex_module preset--group--divi-text--divi-font-header--default preset--module--divi-text--default\"><div class=\"et_pb_text_inner\"><h2>Welche Unternehmen k\u00f6nnen profitieren?<\/h2>\n<\/div><\/div>\n<\/div>\n<\/div>\n\n<div class=\"et_pb_row_6 et_pb_row et_flex_row\">\n<div class=\"et_pb_column_10 et_pb_column et-last-child et_flex_column et_pb_css_mix_blend_mode_passthrough et_flex_column_24_24\">\n<div class=\"et_pb_text_5 et_pb_text et_pb_bg_layout_dark et_pb_module et_flex_module preset--group--divi-text--divi-font-header--default preset--module--divi-text--default\"><div class=\"et_pb_text_inner\"><p>Unsere L\u00f6sung eignet sich f\u00fcr jedes Unternehmen. Dabei gibt es zwei M\u00f6glichkeiten: Ihre Mitarbeitenden lernen direkt mit unseren Lernmodulen auf unserer adaptiven Lernplattform. Oder wir bauen f\u00fcr Ihr Unternehmen eine eigene adaptive Lernumgebung in ihrem Design.<\/p>\n<\/div><\/div>\n<\/div>\n<\/div>\n\n<div class=\"et_pb_row_7 et_pb_row et_flex_row\">\n<div class=\"et_pb_column_11 et_pb_column et-last-child et_flex_column et_pb_css_mix_blend_mode_passthrough et_flex_column_24_24\">\n<div class=\"et_pb_pricing_tables_0 et_pb_pricing_tables et_pb_pricing clearfix et_pb_pricing_2 et_pb_no_featured_in_first_row et_pb_module et_flex_module preset--group--divi-pricing-tables--divi-button--default\">\n<div class=\"et_pb_pricing_table_0 et_pb_pricing_table et_flex_column_12_24 et_pb_module et_flex_module preset--group--divi-pricing-table--divi-button--default\"><div class=\"et_pb_pricing_heading\"><h3 class=\"et_pb_pricing_title\">KMU<\/h3><span class=\"et_pb_best_value\">Nutzung unserer Online Academy<\/span><\/div><div class=\"et_pb_pricing_content_top\"><div class=\"et_pb_et_price\"><span class=\"et_pb_sum\">Standard<\/span><\/div><\/div><div class=\"et_pb_pricing_content\"><ul class=\"et_pb_pricing\"><li><span> Ihre Mitarbeitenden lernen direkt mit unseren Lernmodulen auf unserer adaptiven Lernplattform.<\/span><\/li><li><span> Sie nutzen unsere Standardmodule.<\/span><\/li><li><span> Wir erstellen f\u00fcr Sie auf Wunsch firmenspezifische Lerninhalte. Diese werden auf unserer adaptiven Lernplattform ver\u00f6ffentlicht.<\/span><\/li><li><span> Ihre Mitarbeitenden erhalten einen Zugang zu unserer Lernplattform.<\/span><\/li><li><span> Der Preis ist abh\u00e4ngig von der Anzahl User und den zur Verf\u00fcgung gestellten Inhalten.<\/span><\/li><\/ul><\/div><\/div>\n\n<div class=\"et_pb_pricing_table_1 et_pb_pricing_table et_flex_column_12_24 et_pb_module et_flex_module preset--group--divi-pricing-table--divi-button--default\"><div class=\"et_pb_pricing_heading\"><h3 class=\"et_pb_pricing_title\">Grossunternehmen<\/h3><span class=\"et_pb_best_value\">Massgeschneiderte L\u00f6sung<\/span><\/div><div class=\"et_pb_pricing_content_top\"><div class=\"et_pb_et_price\"><span class=\"et_pb_sum\">White Label<\/span><\/div><\/div><div class=\"et_pb_pricing_content\"><ul class=\"et_pb_pricing\"><li><span> Wir bauen f\u00fcr Ihr Unternehmen eine eigene adaptive Lernumgebung in Ihrem Design.<\/span><\/li><li><span> Wir erstellen f\u00fcr Sie firmenspezifische Lerninhalte. Diese werden auf Ihrer adaptiven Lernplattform ver\u00f6ffentlicht.<\/span><\/li><li><span> Auf Wunsch k\u00f6nnen Sie erg\u00e4nzend unsere Standardmodule nutzen<\/span><\/li><li><span> Ihre Mitarbeitenden lernen auf Ihrer firmeninternen adaptiven Lernplattform.<\/span><\/li><li><span> Der Preis ist abh\u00e4ngig von der Anzahl User und den zur Verf\u00fcgung gestellten Inhalten.<\/span><\/li><\/ul><\/div><\/div>\n<\/div>\n<\/div>\n<\/div>\n\n<div class=\"et_pb_row_8 et_pb_row et_flex_row\">\n<div class=\"et_pb_column_12 et_pb_column et-last-child et_flex_column et_pb_css_mix_blend_mode_passthrough et_flex_column_24_24\">\n<div class=\"et_pb_text_6 et_pb_text et_pb_bg_layout_dark et_pb_module et_flex_module preset--group--divi-text--divi-font-header--default preset--module--divi-text--default\"><div class=\"et_pb_text_inner\"><p>Unsere L\u00f6sung eignet sich f\u00fcr jedes Unternehmen. Dabei gibt es zwei M\u00f6glichkeiten: Ihre Mitarbeitenden lernen direkt mit unseren Lernmodulen auf unserer adaptiven Lernplattform. Oder wir bauen f\u00fcr Ihr Unternehmen eine eigene adaptive Lernumgebung in ihrem Design.<\/p>\n<\/div><\/div>\n<\/div>\n<\/div>\n\n<div class=\"et_pb_row_9 et_pb_row et_flex_row\">\n<div class=\"et_pb_column_13 et_pb_column et_flex_column et_pb_css_mix_blend_mode_passthrough et_flex_column_3_5 et_flex_column_3_5_tablet et_flex_column_24_24_phone\">\n<div class=\"et_pb_row_10 et_pb_row et_pb_row_nested et_flex_row\">\n<div class=\"et_pb_column_14 et_pb_column et-last-child et_flex_column et_pb_css_mix_blend_mode_passthrough et_flex_column_24_24\">\n<div class=\"et_pb_module et_pb_button_module_wrapper et_pb_button_2_wrapper preset--group--divi-button--divi-button--default_wrapper\"><a class=\"et_pb_button_2 et_pb_button et_pb_bg_layout_dark et_pb_module et_flex_module preset--group--divi-button--divi-button--default\" href=\"\/kontakt\/\">Gespr\u00e4ch vereinbaren<\/a><\/div>\n<\/div>\n<\/div>\n<\/div>\n\n<div class=\"et_pb_column_15 et_pb_column et-last-child et_flex_column et_pb_column_empty et_pb_css_mix_blend_mode_passthrough et_flex_column_2_5 et_flex_column_2_5_tablet et_flex_column_24_24_phone\"><\/div>\n<\/div>\n<\/div>\n\n<div class=\"et_pb_section_3 et_pb_section et_section_regular et_flex_section\">\n<div class=\"et_pb_row_11 et_pb_row et_flex_row\">\n<div class=\"et_pb_column_16 et_pb_column et-last-child et_flex_column et_pb_css_mix_blend_mode_passthrough et_flex_column_24_24\">\n<div class=\"et_pb_text_7 et_pb_text et_pb_bg_layout_light et_pb_module et_flex_module preset--group--divi-text--divi-font-header--default preset--module--divi-text--default\"><div class=\"et_pb_text_inner\"><h1>Einige Vorteile des adaptiven Lernens<\/h1>\n<p><span>Adaptives Lernen bietet diverse Vorteile. Drei Beispiele sind:<\/span><\/p>\n<\/div><\/div>\n<\/div>\n<\/div>\n\n<div class=\"et_pb_row_12 et_pb_row et_flex_row\">\n<div class=\"et_pb_column_17 et_pb_column et_flex_column et_pb_css_mix_blend_mode_passthrough et_flex_column_8_24 et_flex_column_8_24_tablet et_flex_column_24_24_phone\">\n<div class=\"et_pb_cta_0 et_pb_promo et_pb_bg_layout_dark et_pb_module et_flex_module preset--group--divi-cta--divi-button--default\"><div class=\"et_pb_promo_description\"><h3 class=\"et_pb_module_header\">Kosteneffizienz<\/h3><div class=\"et_pb_promo_content\"><p>Durch die Anpassung der Lerninhalte an die individuellen Bed\u00fcrfnisse k\u00f6nnen unn\u00f6tige Ausgaben vermieden werden, was zu erheblichen Kosteneinsparungen f\u00fchrt.<\/p>\n<\/div><\/div><\/div>\n<\/div>\n\n<div class=\"et_pb_column_18 et_pb_column et_flex_column et_pb_css_mix_blend_mode_passthrough et_flex_column_8_24 et_flex_column_8_24_tablet et_flex_column_24_24_phone\">\n<div class=\"et_pb_cta_1 et_pb_promo et_pb_bg_layout_dark et_pb_module et_flex_module preset--group--divi-cta--divi-button--default\"><div class=\"et_pb_promo_description\"><h3 class=\"et_pb_module_header\">Personalisierung<\/h3><div class=\"et_pb_promo_content\"><p>Jeder Teilnehmer absolviert einen einzigartigen Lernplan, der auf seine spezifischen St\u00e4rken und Schw\u00e4chen abgestimmt ist, um den Lernerfolg zu maximieren.<\/p>\n<\/div><\/div><\/div>\n<\/div>\n\n<div class=\"et_pb_column_19 et_pb_column et-last-child et_flex_column et_pb_css_mix_blend_mode_passthrough et_flex_column_8_24 et_flex_column_8_24_tablet et_flex_column_24_24_phone\">\n<div class=\"et_pb_cta_2 et_pb_promo et_pb_bg_layout_dark et_pb_module et_flex_module preset--group--divi-cta--divi-button--default\"><div class=\"et_pb_promo_description\"><h3 class=\"et_pb_module_header\">Flexibilit\u00e4t<\/h3><div class=\"et_pb_promo_content\"><p>Unsere adaptiven Lernl\u00f6sungen sind flexibel und k\u00f6nnen problemlos an die sich \u00e4ndernden Anforderungen Ihres Unternehmens angepasst werden, unabh\u00e4ngig von der Unternehmensgr\u00f6sse.<\/p>\n<\/div><\/div><\/div>\n<\/div>\n<\/div>\n<\/div>\n\n<div class=\"et_pb_section_4 et_pb_section et_section_regular et_block_section\" id=\"ebenen\">\n<div class=\"et_pb_row_13 et_pb_row et_flex_row\">\n<div class=\"et_pb_column_20 et_pb_column et-last-child et_flex_column et_pb_css_mix_blend_mode_passthrough et_flex_column_24_24\">\n<div class=\"et_pb_text_8 et_pb_text et_pb_bg_layout_dark et_pb_module et_flex_module preset--group--divi-text--divi-font-header--default preset--module--divi-text--default\"><div class=\"et_pb_text_inner\"><h2>Kostenloses adaptives Learning<\/h2>\n<\/div><\/div>\n<\/div>\n<\/div>\n\n<div class=\"et_pb_row_14 et_pb_row et_pb_gutters3 et_block_row\">\n<div class=\"et_pb_column_21 et_pb_column et_pb_column_4_4 et-last-child et_block_column et_pb_css_mix_blend_mode_passthrough\">\n<div class=\"et_pb_text_9 et_pb_text et_pb_bg_layout_light et_pb_module et_block_module preset--group--divi-text--divi-font-header--default preset--module--divi-text--default\"><div class=\"et_pb_text_inner\"><p style=\"text-align: left;\">Erhalten Sie einen Eindruck von adaptivem Lernen mit unserem Kurzlernmodul zu Urban Gardening.<\/p>\n<\/div><\/div>\n\n<div class=\"et_pb_code_0 et_pb_code et_pb_text_align_center et_pb_module\"><div class=\"et_pb_code_inner\"><div id=\"zf_div_5PYLoegCOhseYFfPcYKflUQ-d2lxpOfcMIl6rqFC1Tg\"><\/div><script type=\"text\/javascript\">(function() {\ntry{\nvar f = document.createElement(\"iframe\");\nf.src = 'https:\/\/forms.zohopublic.eu\/vebusinessempowerment\/form\/TestArea9UrbanGardening\/formperma\/5PYLoegCOhseYFfPcYKflUQ-d2lxpOfcMIl6rqFC1Tg?zf_rszfm=1';\nf.style.border=\"none\";\nf.style.height=\"753px\";\nf.style.width=\"90%\";\nf.style.transition=\"all 0.5s ease\";\nf.setAttribute(\"aria-label\", 'Test\\x20Area9\\x20Urban\\x20Gardening');\n\nvar d = document.getElementById(\"zf_div_5PYLoegCOhseYFfPcYKflUQ-d2lxpOfcMIl6rqFC1Tg\");\nd.appendChild(f);\nwindow.addEventListener('message', function (){\nvar evntData = event.data;\nif( evntData && evntData.constructor == String ){\nvar zf_ifrm_data = evntData.split(\"|\");\nif ( zf_ifrm_data.length == 2 || zf_ifrm_data.length == 3 ) {\nvar zf_perma = zf_ifrm_data[0];\nvar zf_ifrm_ht_nw = ( parseInt(zf_ifrm_data[1], 10) + 15 ) + \"px\";\nvar iframe = document.getElementById(\"zf_div_5PYLoegCOhseYFfPcYKflUQ-d2lxpOfcMIl6rqFC1Tg\").getElementsByTagName(\"iframe\")[0];\nif ( (iframe.src).indexOf('formperma') > 0 && (iframe.src).indexOf(zf_perma) > 0 ) {\nvar prevIframeHeight = iframe.style.height;\nvar zf_tout = false;\nif( zf_ifrm_data.length == 3 ) {\niframe.scrollIntoView();\nzf_tout = true;\n}\nif ( prevIframeHeight != zf_ifrm_ht_nw ) {\nif( zf_tout ) {\nsetTimeout(function(){\niframe.style.height = zf_ifrm_ht_nw;\n},500);\n} else {\niframe.style.height = zf_ifrm_ht_nw;\n}\n}\n}\n}\n}\n}, false);\n}catch(e){}\n})();<\/script><\/div><\/div>\n<\/div>\n<\/div>\n<\/div>\n\n<div class=\"et_pb_section_5 et_pb_section et_section_regular et_block_section\">\n<div class=\"et_pb_row_15 et_pb_row et_pb_gutters3 et_block_row\">\n<div class=\"et_pb_column_22 et_pb_column et_pb_column_4_4 et-last-child et_block_column et_pb_css_mix_blend_mode_passthrough\">\n<div class=\"et_pb_heading_1 et_pb_heading et_pb_module et_block_module preset--module--divi-heading--c33f07d9-41e0-421a-8799-5799df695cce\"><div class=\"et_pb_heading_container\"><h2 class=\"et_pb_module_header\">So f\u00fcgt sich adaptives Lernen ein.<\/h2><\/div><\/div>\n\n<div class=\"et_pb_text_10 et_pb_text et_pb_bg_layout_light et_pb_module et_flex_module preset--group--divi-text--divi-font-header--default preset--module--divi-text--default\"><div class=\"et_pb_text_inner\"><div>\n<p><span>Adaptives Lernen entfaltet den Nutzen im Zusammenspiel mit Strategie, Architektu und Inhalten.<\/span><\/p>\n<\/div>\n<p>\u00a0<\/p>\n<\/div><\/div>\n<\/div>\n<\/div>\n\n<div class=\"et_pb_row_16 et_pb_row et_flex_row preset--module--divi-row--5138c454-be54-4233-bd3b-f8e6a8747976\">\n<div class=\"et_pb_column_23 et_pb_column et_flex_column et_pb_css_mix_blend_mode_passthrough et_flex_column_12_24 et_flex_column_12_24_tablet et_flex_column_24_24_phone preset--module--divi-column--73121f80-a3ef-4484-8763-c3f18e3c56d2\">\n<div class=\"et_pb_blurb_0 et_pb_blurb et_pb_bg_layout_dark et_pb_text_align_left et_pb_blurb_position_left et_clickable et_pb_module et_block_module angebot-box preset--module--divi-blurb--65059203-12d3-44f6-8371-3f5cf61a0475\"><div class=\"et_pb_blurb_content\"><div class=\"et_pb_blurb_container\"><h4 class=\"et_pb_module_header\"><a href=\"\/loesungen\/beratung-strategie\/\">Beratung &#038; Strategie<\/a><\/h4><\/div><\/div><\/div>\n<\/div>\n\n<div class=\"et_pb_column_24 et_pb_column et-last-child et_flex_column et_pb_css_mix_blend_mode_passthrough et_flex_column_12_24 et_flex_column_12_24_tablet et_flex_column_24_24_phone preset--module--divi-column--73121f80-a3ef-4484-8763-c3f18e3c56d2\">\n<div class=\"et_pb_blurb_1 et_pb_blurb et_pb_bg_layout_dark et_pb_text_align_left et_pb_blurb_position_left et_clickable et_pb_module et_block_module angebot-box preset--module--divi-blurb--65059203-12d3-44f6-8371-3f5cf61a0475\"><div class=\"et_pb_blurb_content\"><div class=\"et_pb_blurb_container\"><h4 class=\"et_pb_module_header\"><a href=\"\/loesungen\/lernarchitektur-betrieb\/\">Lernarchitektur &#038; Betrieb<\/a><\/h4><\/div><\/div><\/div>\n<\/div>\n<\/div>\n\n<div class=\"et_pb_row_17 et_pb_row et_flex_row preset--module--divi-row--5138c454-be54-4233-bd3b-f8e6a8747976\">\n<div class=\"et_pb_column_25 et_pb_column et_flex_column et_pb_css_mix_blend_mode_passthrough et_flex_column_12_24 et_flex_column_12_24_tablet et_flex_column_24_24_phone preset--module--divi-column--73121f80-a3ef-4484-8763-c3f18e3c56d2\">\n<div class=\"et_pb_blurb_2 et_pb_blurb et_pb_bg_layout_dark et_pb_text_align_left et_pb_blurb_position_left et_clickable et_pb_module et_block_module angebot-box preset--module--divi-blurb--65059203-12d3-44f6-8371-3f5cf61a0475\"><div class=\"et_pb_blurb_content\"><div class=\"et_pb_blurb_container\"><h4 class=\"et_pb_module_header\"><a href=\"\/loesungen\/ki-gestuetztes-lernen\/\">KI-gest\u00fctztes Lernen<\/a><\/h4><\/div><\/div><\/div>\n<\/div>\n\n<div class=\"et_pb_column_26 et_pb_column et-last-child et_flex_column et_pb_css_mix_blend_mode_passthrough et_flex_column_12_24 et_flex_column_12_24_tablet et_flex_column_24_24_phone preset--module--divi-column--73121f80-a3ef-4484-8763-c3f18e3c56d2\">\n<div class=\"et_pb_blurb_3 et_pb_blurb et_pb_bg_layout_dark et_pb_text_align_left et_pb_blurb_position_left et_clickable et_pb_module et_block_module angebot-box preset--module--divi-blurb--65059203-12d3-44f6-8371-3f5cf61a0475\"><div class=\"et_pb_blurb_content\"><div class=\"et_pb_blurb_container\"><h4 class=\"et_pb_module_header\"><a href=\"\/loesungen\/content-und-studio\/\">Content &#038; Studio Services<\/a><\/h4><\/div><\/div><\/div>\n<\/div>\n<\/div>\n<\/div>\n\n<div class=\"et_pb_section_6 et_pb_section et_section_regular et_flex_section\">\n<div class=\"et_pb_row_18 et_pb_row et_flex_row\">\n<div class=\"et_pb_column_27 et_pb_column et_flex_column et_pb_css_mix_blend_mode_passthrough et_flex_column_12_24 et_flex_column_12_24_tablet et_flex_column_24_24_phone\">\n<div class=\"et_pb_text_11 et_pb_text et_pb_bg_layout_dark et_pb_module et_flex_module preset--group--divi-text--divi-font-header--default preset--module--divi-text--default\"><div class=\"et_pb_text_inner\"><h3><span>Sie m\u00f6chten adaptives Lernen bei Ihnen einsetzen?<\/span><\/h3>\n<\/div><\/div>\n<\/div>\n\n<div class=\"et_pb_column_28 et_pb_column et-last-child et_flex_column et_pb_css_mix_blend_mode_passthrough et_flex_column_12_24 et_flex_column_12_24_tablet et_flex_column_24_24_phone\">\n<div class=\"et_pb_text_12 et_pb_text et_pb_bg_layout_dark et_pb_module et_flex_module preset--group--divi-text--divi-font-header--default preset--module--divi-text--default\"><div class=\"et_pb_text_inner\"><p>In einem Orientierungsgespr\u00e4ch kl\u00e4ren wir Ihren Bedarf und lernen uns kennen.<\/p>\n<\/div><\/div>\n\n<div class=\"et_pb_module et_pb_button_module_wrapper et_pb_button_3_wrapper preset--group--divi-button--divi-button--default_wrapper\"><a class=\"et_pb_button_3 et_pb_button et_pb_bg_layout_dark et_pb_module et_flex_module preset--group--divi-button--divi-button--default\" href=\"\">Gespr\u00e4ch vereinbaren<\/a><\/div>\n<\/div>\n<\/div>\n<\/div>","protected":false},"excerpt":{"rendered":"<p>Discover how adaptive learning can take your corporate training to a new level while reducing costs for your company.<\/p>","protected":false},"author":3,"featured_media":22991787,"parent":22991424,"menu_order":0,"comment_status":"closed","ping_status":"closed","template":"","meta":{"footnotes":""},"class_list":["post-22991763","page","type-page","status-publish","has-post-thumbnail","hentry"],"_links":{"self":[{"href":"https:\/\/bildungsexzellenz.ch\/en\/wp-json\/wp\/v2\/pages\/22991763","targetHints":{"allow":["GET"]}}],"collection":[{"href":"https:\/\/bildungsexzellenz.ch\/en\/wp-json\/wp\/v2\/pages"}],"about":[{"href":"https:\/\/bildungsexzellenz.ch\/en\/wp-json\/wp\/v2\/types\/page"}],"author":[{"embeddable":true,"href":"https:\/\/bildungsexzellenz.ch\/en\/wp-json\/wp\/v2\/users\/3"}],"replies":[{"embeddable":true,"href":"https:\/\/bildungsexzellenz.ch\/en\/wp-json\/wp\/v2\/comments?post=22991763"}],"version-history":[{"count":16,"href":"https:\/\/bildungsexzellenz.ch\/en\/wp-json\/wp\/v2\/pages\/22991763\/revisions"}],"predecessor-version":[{"id":22991791,"href":"https:\/\/bildungsexzellenz.ch\/en\/wp-json\/wp\/v2\/pages\/22991763\/revisions\/22991791"}],"up":[{"embeddable":true,"href":"https:\/\/bildungsexzellenz.ch\/en\/wp-json\/wp\/v2\/pages\/22991424"}],"wp:featuredmedia":[{"embeddable":true,"href":"https:\/\/bildungsexzellenz.ch\/en\/wp-json\/wp\/v2\/media\/22991787"}],"wp:attachment":[{"href":"https:\/\/bildungsexzellenz.ch\/en\/wp-json\/wp\/v2\/media?parent=22991763"}],"curies":[{"name":"wp","href":"https:\/\/api.w.org\/{rel}","templated":true}]}}